{"id":140,"date":"2023-11-10T08:52:51","date_gmt":"2023-11-10T07:52:51","guid":{"rendered":"https:\/\/22schneebergerf.bplaced.net\/?page_id=140"},"modified":"2025-03-20T10:50:34","modified_gmt":"2025-03-20T09:50:34","slug":"business-2","status":"publish","type":"page","link":"https:\/\/22schneebergerf.bplaced.net\/?page_id=140","title":{"rendered":"Business"},"content":{"rendered":"\t\t<div data-elementor-type=\"wp-page\" data-elementor-id=\"140\" class=\"elementor elementor-140\">\n\t\t\t\t\t\t<section class=\"elementor-section elementor-top-section elementor-element elementor-element-3cb20378 elementor-section-height-min-height elementor-section-boxed elementor-section-height-default elementor-section-items-middle wpr-particle-no wpr-jarallax-no wpr-parallax-no wpr-sticky-section-no\" data-id=\"3cb20378\" data-element_type=\"section\" data-settings=\"{&quot;background_background&quot;:&quot;classic&quot;}\">\n\t\t\t\t\t\t\t<div class=\"elementor-background-overlay\"><\/div>\n\t\t\t\t\t\t\t<div class=\"elementor-container elementor-column-gap-default\">\n\t\t\t\t\t<div class=\"elementor-column elementor-col-100 elementor-top-column elementor-element elementor-element-1e33fbb2\" data-id=\"1e33fbb2\" data-element_type=\"column\">\n\t\t\t<div class=\"elementor-widget-wrap elementor-element-populated\">\n\t\t\t\t\t\t<div class=\"elementor-element elementor-element-315708b2 elementor-widget elementor-widget-heading\" data-id=\"315708b2\" data-element_type=\"widget\" data-widget_type=\"heading.default\">\n\t\t\t\t<div class=\"elementor-widget-container\">\n\t\t\t<h1 class=\"elementor-heading-title elementor-size-default\">business<\/h1>\t\t<\/div>\n\t\t\t\t<\/div>\n\t\t\t\t\t<\/div>\n\t\t<\/div>\n\t\t\t\t\t<\/div>\n\t\t<\/section>\n\t\t\t\t<section class=\"elementor-section elementor-top-section elementor-element elementor-element-341d323b elementor-section-boxed elementor-section-height-default elementor-section-height-default wpr-particle-no wpr-jarallax-no wpr-parallax-no wpr-sticky-section-no\" data-id=\"341d323b\" data-element_type=\"section\" data-settings=\"{&quot;background_background&quot;:&quot;classic&quot;}\">\n\t\t\t\t\t\t<div class=\"elementor-container elementor-column-gap-no\">\n\t\t\t\t\t<div class=\"elementor-column elementor-col-100 elementor-top-column elementor-element elementor-element-56319432\" data-id=\"56319432\" data-element_type=\"column\">\n\t\t\t<div class=\"elementor-widget-wrap elementor-element-populated\">\n\t\t\t\t\t\t<section class=\"elementor-section elementor-inner-section elementor-element elementor-element-61c17a10 elementor-section-boxed elementor-section-height-default elementor-section-height-default wpr-particle-no wpr-jarallax-no wpr-parallax-no wpr-sticky-section-no\" data-id=\"61c17a10\" data-element_type=\"section\">\n\t\t\t\t\t\t<div class=\"elementor-container elementor-column-gap-no\">\n\t\t\t\t\t<div class=\"elementor-column elementor-col-33 elementor-inner-column elementor-element elementor-element-571b70f6 elementor-invisible\" data-id=\"571b70f6\" data-element_type=\"column\" data-settings=\"{&quot;background_background&quot;:&quot;classic&quot;,&quot;animation&quot;:&quot;fadeInUp&quot;}\">\n\t\t\t<div class=\"elementor-widget-wrap elementor-element-populated\">\n\t\t\t\t\t\t<div class=\"elementor-element elementor-element-4e00c60f elementor-widget elementor-widget-heading\" data-id=\"4e00c60f\" data-element_type=\"widget\" data-widget_type=\"heading.default\">\n\t\t\t\t<div class=\"elementor-widget-container\">\n\t\t\t<h2 class=\"elementor-heading-title elementor-size-default\">Kleinbetrieb<\/h2>\t\t<\/div>\n\t\t\t\t<\/div>\n\t\t\t\t<div class=\"elementor-element elementor-element-512147c2 elementor-widget elementor-widget-text-editor\" data-id=\"512147c2\" data-element_type=\"widget\" data-widget_type=\"text-editor.default\">\n\t\t\t\t<div class=\"elementor-widget-container\">\n\t\t\t\t\t\t\t<p>\u00a0<\/p><p>Bis zu 50 Mitarbeiter:innen. Sie zeichnen sich oft durch eine pers\u00f6nliche und direkte F\u00fchrung aus und haben h\u00e4ufig eine lokale oder regionale Marktpr\u00e4senz. Kleinbetriebe k\u00f6nnen flexibel sein und schnell auf Ver\u00e4nderungen reagieren.<\/p><p>\u00a0<\/p>\t\t\t\t\t\t<\/div>\n\t\t\t\t<\/div>\n\t\t\t\t\t<\/div>\n\t\t<\/div>\n\t\t\t\t<div class=\"elementor-column elementor-col-33 elementor-inner-column elementor-element elementor-element-5d83597b elementor-invisible\" data-id=\"5d83597b\" data-element_type=\"column\" data-settings=\"{&quot;background_background&quot;:&quot;classic&quot;,&quot;animation&quot;:&quot;fadeInUp&quot;,&quot;animation_delay&quot;:400}\">\n\t\t\t<div class=\"elementor-widget-wrap elementor-element-populated\">\n\t\t\t\t\t<div class=\"elementor-background-overlay\"><\/div>\n\t\t\t\t\t\t<div class=\"elementor-element elementor-element-c993c49 elementor-widget elementor-widget-heading\" data-id=\"c993c49\" data-element_type=\"widget\" data-widget_type=\"heading.default\">\n\t\t\t\t<div class=\"elementor-widget-container\">\n\t\t\t<h2 class=\"elementor-heading-title elementor-size-default\">Mittelbetrieb<\/h2>\t\t<\/div>\n\t\t\t\t<\/div>\n\t\t\t\t<div class=\"elementor-element elementor-element-3da00136 elementor-widget elementor-widget-text-editor\" data-id=\"3da00136\" data-element_type=\"widget\" data-widget_type=\"text-editor.default\">\n\t\t\t\t<div class=\"elementor-widget-container\">\n\t\t\t\t\t\t\t<p>\u00a0<\/p><p>50 bis 250 Mitarbeiter:innen. Sie sind oft in mehreren M\u00e4rkten t\u00e4tig und k\u00f6nnen eine breitere Palette von Produkten oder Dienstleistungen anbieten. Sie haben oft spezialisierte Abteilungen + eine formelle Organisationsstruktur\u00a0<\/p>\t\t\t\t\t\t<\/div>\n\t\t\t\t<\/div>\n\t\t\t\t\t<\/div>\n\t\t<\/div>\n\t\t\t\t<div class=\"elementor-column elementor-col-33 elementor-inner-column elementor-element elementor-element-3c2cd54e elementor-invisible\" data-id=\"3c2cd54e\" data-element_type=\"column\" data-settings=\"{&quot;background_background&quot;:&quot;classic&quot;,&quot;animation&quot;:&quot;fadeInUp&quot;,&quot;animation_delay&quot;:600}\">\n\t\t\t<div class=\"elementor-widget-wrap elementor-element-populated\">\n\t\t\t\t\t<div class=\"elementor-background-overlay\"><\/div>\n\t\t\t\t\t\t<div class=\"elementor-element elementor-element-3e2dd303 elementor-widget elementor-widget-heading\" data-id=\"3e2dd303\" data-element_type=\"widget\" data-widget_type=\"heading.default\">\n\t\t\t\t<div class=\"elementor-widget-container\">\n\t\t\t<h2 class=\"elementor-heading-title elementor-size-default\">Gro\u00dfbetrieb<\/h2>\t\t<\/div>\n\t\t\t\t<\/div>\n\t\t\t\t<div class=\"elementor-element elementor-element-7cba4eac elementor-widget elementor-widget-text-editor\" data-id=\"7cba4eac\" data-element_type=\"widget\" data-widget_type=\"text-editor.default\">\n\t\t\t\t<div class=\"elementor-widget-container\">\n\t\t\t\t\t\t\t<p>\u00a0<\/p><p>Mehr als 250 Mitarbeiter:innen. Haben oft eine komplexe Organisationsstruktur mit verschiedenen Hierarchieebenen. Sie k\u00f6nnen auf nationaler oder internationaler Ebene t\u00e4tig sein und haben oft eine starke Marktposition.\u00a0<\/p>\t\t\t\t\t\t<\/div>\n\t\t\t\t<\/div>\n\t\t\t\t\t<\/div>\n\t\t<\/div>\n\t\t\t\t\t<\/div>\n\t\t<\/section>\n\t\t\t\t\t<\/div>\n\t\t<\/div>\n\t\t\t\t\t<\/div>\n\t\t<\/section>\n\t\t\t\t<section class=\"elementor-section elementor-top-section elementor-element elementor-element-36843868 elementor-section-content-middle elementor-section-boxed elementor-section-height-default elementor-section-height-default wpr-particle-no wpr-jarallax-no wpr-parallax-no wpr-sticky-section-no\" data-id=\"36843868\" data-element_type=\"section\" data-settings=\"{&quot;background_background&quot;:&quot;classic&quot;}\">\n\t\t\t\t\t\t<div class=\"elementor-container elementor-column-gap-default\">\n\t\t\t\t\t<div class=\"elementor-column elementor-col-50 elementor-top-column elementor-element elementor-element-2208202c\" data-id=\"2208202c\" data-element_type=\"column\">\n\t\t\t<div class=\"elementor-widget-wrap elementor-element-populated\">\n\t\t\t\t\t\t<div class=\"elementor-element elementor-element-7f7ffc9a elementor-widget elementor-widget-heading\" data-id=\"7f7ffc9a\" data-element_type=\"widget\" data-widget_type=\"heading.default\">\n\t\t\t\t<div class=\"elementor-widget-container\">\n\t\t\t<h3 class=\"elementor-heading-title elementor-size-default\">\n\n\n\nBusiness<\/h3>\t\t<\/div>\n\t\t\t\t<\/div>\n\t\t\t\t<div class=\"elementor-element elementor-element-69897706 elementor-widget elementor-widget-heading\" data-id=\"69897706\" data-element_type=\"widget\" data-widget_type=\"heading.default\">\n\t\t\t\t<div class=\"elementor-widget-container\">\n\t\t\t<h2 class=\"elementor-heading-title elementor-size-default\">Ziele setzen<\/h2>\t\t<\/div>\n\t\t\t\t<\/div>\n\t\t\t\t<div class=\"elementor-element elementor-element-3a11211b elementor-widget elementor-widget-text-editor\" data-id=\"3a11211b\" data-element_type=\"widget\" data-widget_type=\"text-editor.default\">\n\t\t\t\t<div class=\"elementor-widget-container\">\n\t\t\t\t\t\t\t<p>\u00a0<\/p><p>Selbst in der schnelllebigen Gesch\u00e4ftswelt ist eines klar: \u201eOhne Ziele ist jedes Unternehmen wie ein Schiff ohne Kompass.\u201c<br \/>Daher ist es entscheidend, klare Ziele zu setzen. Kurzfristige Ziele erm\u00f6glichen es, den t\u00e4glichen Fokus zu behalten, mittelfristige bieten eine klare Richtung f\u00fcr strategische Entscheidungen und langfristige definieren die Vision.<\/p>\t\t\t\t\t\t<\/div>\n\t\t\t\t<\/div>\n\t\t\t\t<div class=\"elementor-element elementor-element-f67024b elementor-align-left elementor-mobile-align-center elementor-widget elementor-widget-button\" data-id=\"f67024b\" data-element_type=\"widget\" data-widget_type=\"button.default\">\n\t\t\t\t<div class=\"elementor-widget-container\">\n\t\t\t\t\t\t\t<div class=\"elementor-button-wrapper\">\n\t\t\t\t\t<a class=\"elementor-button elementor-button-link elementor-size-md elementor-animation-shrink\" href=\"https:\/\/www.buchhaltung-einfach-sicher.de\/bwl\/unternehmensziele#:~:text=Unternehmensziele%20beschreiben%20also%20einen%20messbar,Produkte%20die%20Grundlage%20der%20Unternehmensziele.\">\n\t\t\t\t\t\t<span class=\"elementor-button-content-wrapper\">\n\t\t\t\t\t\t\t\t\t<span class=\"elementor-button-text\">Erfahre mehr<\/span>\n\t\t\t\t\t<\/span>\n\t\t\t\t\t<\/a>\n\t\t\t\t<\/div>\n\t\t\t\t\t\t<\/div>\n\t\t\t\t<\/div>\n\t\t\t\t\t<\/div>\n\t\t<\/div>\n\t\t\t\t<div class=\"elementor-column elementor-col-50 elementor-top-column elementor-element elementor-element-2fd2bf71\" data-id=\"2fd2bf71\" data-element_type=\"column\" data-settings=\"{&quot;background_background&quot;:&quot;classic&quot;}\">\n\t\t\t<div class=\"elementor-widget-wrap elementor-element-populated\">\n\t\t\t\t\t\t<div class=\"elementor-element elementor-element-af4f5c7 elementor-widget__width-initial elementor-widget elementor-widget-image\" data-id=\"af4f5c7\" data-element_type=\"widget\" data-widget_type=\"image.default\">\n\t\t\t\t<div class=\"elementor-widget-container\">\n\t\t\t\t\t\t\t\t\t\t\t\t\t<img fetchpriority=\"high\" decoding=\"async\" width=\"960\" height=\"715\" src=\"https:\/\/22schneebergerf.bplaced.net\/wp-content\/uploads\/2025\/03\/Bild1-2048x1525-1-1024x763.png\" class=\"attachment-large size-large wp-image-3739\" alt=\"\" srcset=\"https:\/\/22schneebergerf.bplaced.net\/wp-content\/uploads\/2025\/03\/Bild1-2048x1525-1-1024x763.png 1024w, https:\/\/22schneebergerf.bplaced.net\/wp-content\/uploads\/2025\/03\/Bild1-2048x1525-1-300x223.png 300w, https:\/\/22schneebergerf.bplaced.net\/wp-content\/uploads\/2025\/03\/Bild1-2048x1525-1-768x572.png 768w, https:\/\/22schneebergerf.bplaced.net\/wp-content\/uploads\/2025\/03\/Bild1-2048x1525-1-1536x1144.png 1536w, https:\/\/22schneebergerf.bplaced.net\/wp-content\/uploads\/2025\/03\/Bild1-2048x1525-1-600x447.png 600w, https:\/\/22schneebergerf.bplaced.net\/wp-content\/uploads\/2025\/03\/Bild1-2048x1525-1.png 2048w\" sizes=\"(max-width: 960px) 100vw, 960px\" \/>\t\t\t\t\t\t\t\t\t\t\t\t\t<\/div>\n\t\t\t\t<\/div>\n\t\t\t\t\t<\/div>\n\t\t<\/div>\n\t\t\t\t\t<\/div>\n\t\t<\/section>\n\t\t\t\t<section class=\"elementor-section elementor-top-section elementor-element elementor-element-532a6879 elementor-section-boxed elementor-section-height-default elementor-section-height-default wpr-particle-no wpr-jarallax-no wpr-parallax-no wpr-sticky-section-no elementor-invisible\" data-id=\"532a6879\" data-element_type=\"section\" data-settings=\"{&quot;background_background&quot;:&quot;classic&quot;,&quot;animation&quot;:&quot;fadeIn&quot;}\">\n\t\t\t\t\t\t\t<div class=\"elementor-background-overlay\"><\/div>\n\t\t\t\t\t\t\t<div class=\"elementor-container elementor-column-gap-default\">\n\t\t\t\t\t<div class=\"elementor-column elementor-col-33 elementor-top-column elementor-element elementor-element-6a01440e\" data-id=\"6a01440e\" data-element_type=\"column\">\n\t\t\t<div class=\"elementor-widget-wrap elementor-element-populated\">\n\t\t\t\t\t\t<div class=\"elementor-element elementor-element-3efc81e8 elementor-widget elementor-widget-image\" data-id=\"3efc81e8\" data-element_type=\"widget\" data-widget_type=\"image.default\">\n\t\t\t\t<div class=\"elementor-widget-container\">\n\t\t\t\t\t\t\t\t\t\t\t\t\t<img decoding=\"async\" width=\"150\" height=\"150\" src=\"https:\/\/22schneebergerf.bplaced.net\/wp-content\/uploads\/2025\/03\/201128-150x150.png\" class=\"attachment-thumbnail size-thumbnail wp-image-3738\" alt=\"\" srcset=\"https:\/\/22schneebergerf.bplaced.net\/wp-content\/uploads\/2025\/03\/201128-150x150.png 150w, https:\/\/22schneebergerf.bplaced.net\/wp-content\/uploads\/2025\/03\/201128-300x300.png 300w, https:\/\/22schneebergerf.bplaced.net\/wp-content\/uploads\/2025\/03\/201128-100x100.png 100w, https:\/\/22schneebergerf.bplaced.net\/wp-content\/uploads\/2025\/03\/201128.png 512w\" sizes=\"(max-width: 150px) 100vw, 150px\" \/>\t\t\t\t\t\t\t\t\t\t\t\t\t<\/div>\n\t\t\t\t<\/div>\n\t\t\t\t<div class=\"elementor-element elementor-element-69177769 elementor-widget elementor-widget-counter\" data-id=\"69177769\" data-element_type=\"widget\" data-widget_type=\"counter.default\">\n\t\t\t\t<div class=\"elementor-widget-container\">\n\t\t\t\t\t<div class=\"elementor-counter\">\n\t\t\t<div class=\"elementor-counter-title\">Unternehmen<\/div>\t\t\t<div class=\"elementor-counter-number-wrapper\">\n\t\t\t\t<span class=\"elementor-counter-number-prefix\"><\/span>\n\t\t\t\t<span class=\"elementor-counter-number\" data-duration=\"2000\" data-to-value=\"702000\" data-from-value=\"\" data-delimiter=\",\"><\/span>\n\t\t\t\t<span class=\"elementor-counter-number-suffix\"><\/span>\n\t\t\t<\/div>\n\t\t<\/div>\n\t\t\t\t<\/div>\n\t\t\t\t<\/div>\n\t\t\t\t\t<\/div>\n\t\t<\/div>\n\t\t\t\t<div class=\"elementor-column elementor-col-33 elementor-top-column elementor-element elementor-element-facc2ae\" data-id=\"facc2ae\" data-element_type=\"column\">\n\t\t\t<div class=\"elementor-widget-wrap elementor-element-populated\">\n\t\t\t\t\t\t<div class=\"elementor-element elementor-element-371ae2bd elementor-widget elementor-widget-image\" data-id=\"371ae2bd\" data-element_type=\"widget\" data-widget_type=\"image.default\">\n\t\t\t\t<div class=\"elementor-widget-container\">\n\t\t\t\t\t\t\t\t\t\t\t\t\t<img decoding=\"async\" width=\"150\" height=\"150\" src=\"https:\/\/22schneebergerf.bplaced.net\/wp-content\/uploads\/2025\/03\/658032-150x150.png\" class=\"attachment-thumbnail size-thumbnail wp-image-3737\" alt=\"\" srcset=\"https:\/\/22schneebergerf.bplaced.net\/wp-content\/uploads\/2025\/03\/658032-150x150.png 150w, https:\/\/22schneebergerf.bplaced.net\/wp-content\/uploads\/2025\/03\/658032-300x300.png 300w, https:\/\/22schneebergerf.bplaced.net\/wp-content\/uploads\/2025\/03\/658032-100x100.png 100w, https:\/\/22schneebergerf.bplaced.net\/wp-content\/uploads\/2025\/03\/658032.png 512w\" sizes=\"(max-width: 150px) 100vw, 150px\" \/>\t\t\t\t\t\t\t\t\t\t\t\t\t<\/div>\n\t\t\t\t<\/div>\n\t\t\t\t<div class=\"elementor-element elementor-element-162858d3 elementor-widget elementor-widget-counter\" data-id=\"162858d3\" data-element_type=\"widget\" data-widget_type=\"counter.default\">\n\t\t\t\t<div class=\"elementor-widget-container\">\n\t\t\t\t\t<div class=\"elementor-counter\">\n\t\t\t<div class=\"elementor-counter-title\">Selbstst\u00e4ndige<\/div>\t\t\t<div class=\"elementor-counter-number-wrapper\">\n\t\t\t\t<span class=\"elementor-counter-number-prefix\"><\/span>\n\t\t\t\t<span class=\"elementor-counter-number\" data-duration=\"2000\" data-to-value=\"484400\" data-from-value=\"\" data-delimiter=\",\"><\/span>\n\t\t\t\t<span class=\"elementor-counter-number-suffix\"><\/span>\n\t\t\t<\/div>\n\t\t<\/div>\n\t\t\t\t<\/div>\n\t\t\t\t<\/div>\n\t\t\t\t<div class=\"elementor-element elementor-element-8a496f3 elementor-widget elementor-widget-text-editor\" data-id=\"8a496f3\" data-element_type=\"widget\" data-widget_type=\"text-editor.default\">\n\t\t\t\t<div class=\"elementor-widget-container\">\n\t\t\t\t\t\t\t<p>\u00a0<\/p><p>\u00a0<\/p><p>Stand 2024 in \u00d6sterreich<\/p>\t\t\t\t\t\t<\/div>\n\t\t\t\t<\/div>\n\t\t\t\t\t<\/div>\n\t\t<\/div>\n\t\t\t\t<div class=\"elementor-column elementor-col-33 elementor-top-column elementor-element elementor-element-57b4fdbb\" data-id=\"57b4fdbb\" data-element_type=\"column\">\n\t\t\t<div class=\"elementor-widget-wrap elementor-element-populated\">\n\t\t\t\t\t\t<div class=\"elementor-element elementor-element-51820a1c elementor-widget elementor-widget-image\" data-id=\"51820a1c\" data-element_type=\"widget\" data-widget_type=\"image.default\">\n\t\t\t\t<div class=\"elementor-widget-container\">\n\t\t\t\t\t\t\t\t\t\t\t\t\t<img loading=\"lazy\" decoding=\"async\" width=\"150\" height=\"150\" src=\"https:\/\/22schneebergerf.bplaced.net\/wp-content\/uploads\/2025\/03\/1067574-150x150.png\" class=\"attachment-thumbnail size-thumbnail wp-image-3736\" alt=\"\" srcset=\"https:\/\/22schneebergerf.bplaced.net\/wp-content\/uploads\/2025\/03\/1067574-150x150.png 150w, https:\/\/22schneebergerf.bplaced.net\/wp-content\/uploads\/2025\/03\/1067574-300x300.png 300w, https:\/\/22schneebergerf.bplaced.net\/wp-content\/uploads\/2025\/03\/1067574-100x100.png 100w, https:\/\/22schneebergerf.bplaced.net\/wp-content\/uploads\/2025\/03\/1067574.png 512w\" sizes=\"(max-width: 150px) 100vw, 150px\" \/>\t\t\t\t\t\t\t\t\t\t\t\t\t<\/div>\n\t\t\t\t<\/div>\n\t\t\t\t<div class=\"elementor-element elementor-element-3bd8fa79 elementor-widget elementor-widget-counter\" data-id=\"3bd8fa79\" data-element_type=\"widget\" data-widget_type=\"counter.default\">\n\t\t\t\t<div class=\"elementor-widget-container\">\n\t\t\t\t\t<div class=\"elementor-counter\">\n\t\t\t<div class=\"elementor-counter-title\">Start-ups<\/div>\t\t\t<div class=\"elementor-counter-number-wrapper\">\n\t\t\t\t<span class=\"elementor-counter-number-prefix\"><\/span>\n\t\t\t\t<span class=\"elementor-counter-number\" data-duration=\"2000\" data-to-value=\"39370\" data-from-value=\"\" data-delimiter=\",\"><\/span>\n\t\t\t\t<span class=\"elementor-counter-number-suffix\"><\/span>\n\t\t\t<\/div>\n\t\t<\/div>\n\t\t\t\t<\/div>\n\t\t\t\t<\/div>\n\t\t\t\t\t<\/div>\n\t\t<\/div>\n\t\t\t\t\t<\/div>\n\t\t<\/section>\n\t\t<div class=\"elementor-element elementor-element-46f4692 e-flex e-con-boxed wpr-particle-no wpr-jarallax-no wpr-parallax-no wpr-sticky-section-no e-con e-parent\" data-id=\"46f4692\" data-element_type=\"container\">\n\t\t\t\t\t<div class=\"e-con-inner\">\n\t\t\t\t<div class=\"elementor-element elementor-element-f9268c4 elementor-widget elementor-widget-heading\" data-id=\"f9268c4\" data-element_type=\"widget\" data-widget_type=\"heading.default\">\n\t\t\t\t<div class=\"elementor-widget-container\">\n\t\t\t<h2 class=\"elementor-heading-title elementor-size-default\">Wirtschaft - einfach erkl\u00e4rt\n<br>\n<br><\/h2>\t\t<\/div>\n\t\t\t\t<\/div>\n\t\t\t\t<div class=\"elementor-element elementor-element-29d2aac elementor-widget elementor-widget-video\" data-id=\"29d2aac\" data-element_type=\"widget\" data-settings=\"{&quot;youtube_url&quot;:&quot;https:\\\/\\\/youtu.be\\\/nuX7qR7RWDc&quot;,&quot;video_type&quot;:&quot;youtube&quot;,&quot;controls&quot;:&quot;yes&quot;}\" data-widget_type=\"video.default\">\n\t\t\t\t<div class=\"elementor-widget-container\">\n\t\t\t\t\t<div class=\"elementor-wrapper elementor-open-inline\">\n\t\t\t<div class=\"elementor-video\"><\/div>\t\t<\/div>\n\t\t\t\t<\/div>\n\t\t\t\t<\/div>\n\t\t\t\t\t<\/div>\n\t\t\t\t<\/div>\n\t\t\t\t<section class=\"elementor-section elementor-top-section elementor-element elementor-element-3da1616a elementor-section-boxed elementor-section-height-default elementor-section-height-default wpr-particle-no wpr-jarallax-no wpr-parallax-no wpr-sticky-section-no elementor-invisible\" data-id=\"3da1616a\" data-element_type=\"section\" data-settings=\"{&quot;animation&quot;:&quot;fadeIn&quot;}\">\n\t\t\t\t\t\t<div class=\"elementor-container elementor-column-gap-default\">\n\t\t\t\t\t<div class=\"elementor-column elementor-col-100 elementor-top-column elementor-element elementor-element-7864876b\" data-id=\"7864876b\" data-element_type=\"column\">\n\t\t\t<div class=\"elementor-widget-wrap elementor-element-populated\">\n\t\t\t\t\t\t<div class=\"elementor-element elementor-element-329920c elementor-widget elementor-widget-heading\" data-id=\"329920c\" data-element_type=\"widget\" data-widget_type=\"heading.default\">\n\t\t\t\t<div class=\"elementor-widget-container\">\n\t\t\t<h2 class=\"elementor-heading-title elementor-size-default\">\u201eErfolg ist nicht endg\u00fcltig, Misserfolg ist nicht t\u00f6dlich: Es ist der Mut, weiterzumachen, der z\u00e4hlt\u201c<\/h2>\t\t<\/div>\n\t\t\t\t<\/div>\n\t\t\t\t<div class=\"elementor-element elementor-element-2155ca49 elementor-widget-divider--view-line elementor-invisible elementor-widget elementor-widget-divider\" data-id=\"2155ca49\" data-element_type=\"widget\" data-settings=\"{&quot;_animation&quot;:&quot;fadeInUp&quot;}\" data-widget_type=\"divider.default\">\n\t\t\t\t<div class=\"elementor-widget-container\">\n\t\t\t\t\t<div class=\"elementor-divider\">\n\t\t\t<span class=\"elementor-divider-separator\">\n\t\t\t\t\t\t<\/span>\n\t\t<\/div>\n\t\t\t\t<\/div>\n\t\t\t\t<\/div>\n\t\t\t\t<div class=\"elementor-element elementor-element-690de135 elementor-align-center elementor-mobile-align-center elementor-widget elementor-widget-button\" data-id=\"690de135\" data-element_type=\"widget\" data-widget_type=\"button.default\">\n\t\t\t\t<div class=\"elementor-widget-container\">\n\t\t\t\t\t\t\t<div class=\"elementor-button-wrapper\">\n\t\t\t\t\t<a class=\"elementor-button elementor-button-link elementor-size-md elementor-animation-shrink\" href=\"#\">\n\t\t\t\t\t\t<span class=\"elementor-button-content-wrapper\">\n\t\t\t\t\t\t\t\t\t<span class=\"elementor-button-text\">~ Winston Churchill<\/span>\n\t\t\t\t\t<\/span>\n\t\t\t\t\t<\/a>\n\t\t\t\t<\/div>\n\t\t\t\t\t\t<\/div>\n\t\t\t\t<\/div>\n\t\t\t\t\t<\/div>\n\t\t<\/div>\n\t\t\t\t\t<\/div>\n\t\t<\/section>\n\t\t\t\t<\/div>\n\t\t","protected":false},"excerpt":{"rendered":"<p>business Kleinbetrieb \u00a0 Bis zu 50 Mitarbeiter:innen. Sie zeichnen sich oft durch eine pers\u00f6nliche und direkte F\u00fchrung aus und haben h\u00e4ufig eine lokale oder regionale Marktpr\u00e4senz. Kleinbetriebe k\u00f6nnen flexibel sein und schnell auf Ver\u00e4nderungen reagieren. \u00a0 Mittelbetrieb \u00a0 50 bis 250 Mitarbeiter:innen. Sie sind oft in mehreren M\u00e4rkten t\u00e4tig und k\u00f6nnen eine breitere Palette von Produkten oder Dienstleistungen anbieten. Sie haben oft spezialisierte Abteilungen + eine formelle Organisationsstruktur\u00a0 Gro\u00dfbetrieb \u00a0 Mehr als 250 Mitarbeiter:innen. Haben oft eine komplexe Organisationsstruktur mit verschiedenen Hierarchieebenen. Sie k\u00f6nnen auf nationaler oder internationaler Ebene t\u00e4tig sein und haben oft eine starke Marktposition.\u00a0 Business Ziele setzen \u00a0 Selbst in der schnelllebigen Gesch\u00e4ftswelt ist eines klar: \u201eOhne Ziele ist jedes Unternehmen wie ein Schiff ohne Kompass.\u201cDaher ist es entscheidend, klare Ziele zu setzen. Kurzfristige Ziele erm\u00f6glichen es, den t\u00e4glichen Fokus zu behalten, mittelfristige bieten eine klare Richtung f\u00fcr strategische Entscheidungen und langfristige definieren die Vision. Erfahre mehr Unternehmen Selbstst\u00e4ndige \u00a0 \u00a0 Stand 2024 in \u00d6sterreich Start-ups Wirtschaft &#8211; einfach erkl\u00e4rt \u201eErfolg ist nicht endg\u00fcltig, Misserfolg ist nicht t\u00f6dlich: Es ist der Mut, weiterzumachen, der z\u00e4hlt\u201c ~ Winston Churchill<\/p>\n","protected":false},"author":1,"featured_media":0,"parent":0,"menu_order":0,"comment_status":"closed","ping_status":"closed","template":"elementor_header_footer","meta":{"_seopress_robots_primary_cat":"","footnotes":""},"class_list":["post-140","page","type-page","status-publish","hentry"],"_links":{"self":[{"href":"https:\/\/22schneebergerf.bplaced.net\/index.php?rest_route=\/wp\/v2\/pages\/140","targetHints":{"allow":["GET"]}}],"collection":[{"href":"https:\/\/22schneebergerf.bplaced.net\/index.php?rest_route=\/wp\/v2\/pages"}],"about":[{"href":"https:\/\/22schneebergerf.bplaced.net\/index.php?rest_route=\/wp\/v2\/types\/page"}],"author":[{"embeddable":true,"href":"https:\/\/22schneebergerf.bplaced.net\/index.php?rest_route=\/wp\/v2\/users\/1"}],"replies":[{"embeddable":true,"href":"https:\/\/22schneebergerf.bplaced.net\/index.php?rest_route=%2Fwp%2Fv2%2Fcomments&post=140"}],"version-history":[{"count":115,"href":"https:\/\/22schneebergerf.bplaced.net\/index.php?rest_route=\/wp\/v2\/pages\/140\/revisions"}],"predecessor-version":[{"id":3804,"href":"https:\/\/22schneebergerf.bplaced.net\/index.php?rest_route=\/wp\/v2\/pages\/140\/revisions\/3804"}],"wp:attachment":[{"href":"https:\/\/22schneebergerf.bplaced.net\/index.php?rest_route=%2Fwp%2Fv2%2Fmedia&parent=140"}],"curies":[{"name":"wp","href":"https:\/\/api.w.org\/{rel}","templated":true}]}}