{"id":31,"date":"2023-10-20T09:12:58","date_gmt":"2023-10-20T07:12:58","guid":{"rendered":"https:\/\/22schneebergerf.bplaced.net\/?page_id=31"},"modified":"2025-04-01T16:44:47","modified_gmt":"2025-04-01T14:44:47","slug":"multimedia","status":"publish","type":"page","link":"https:\/\/22schneebergerf.bplaced.net\/?page_id=31","title":{"rendered":"Multimedia"},"content":{"rendered":"\t\t<div data-elementor-type=\"wp-page\" data-elementor-id=\"31\" class=\"elementor elementor-31\">\n\t\t\t\t<div class=\"elementor-element elementor-element-5cc5d77e0 e-flex e-con-boxed wpr-jarallax-no wpr-parallax-no wpr-sticky-section-no e-con e-parent\" data-id=\"5cc5d77e0\" data-element_type=\"container\" data-settings=\"{&quot;background_background&quot;:&quot;classic&quot;}\">\n\t\t\t\t\t<div class=\"e-con-inner\">\n\t\t\t\t\t<\/div>\n\t\t\t\t<\/div>\n\t\t\t\t<section class=\"elementor-section elementor-top-section elementor-element elementor-element-5e1fe760 elementor-section-boxed elementor-section-height-default elementor-section-height-default wpr-particle-no wpr-jarallax-no wpr-parallax-no wpr-sticky-section-no\" data-id=\"5e1fe760\" data-element_type=\"section\">\n\t\t\t\t\t\t<div class=\"elementor-container elementor-column-gap-default\">\n\t\t\t\t\t<div class=\"elementor-column elementor-col-50 elementor-top-column elementor-element elementor-element-6e5a7aa7\" data-id=\"6e5a7aa7\" data-element_type=\"column\">\n\t\t\t<div class=\"elementor-widget-wrap elementor-element-populated\">\n\t\t\t\t\t\t<div class=\"elementor-element elementor-element-57bddf1b elementor-widget elementor-widget-heading\" data-id=\"57bddf1b\" data-element_type=\"widget\" data-widget_type=\"heading.default\">\n\t\t\t\t<div class=\"elementor-widget-container\">\n\t\t\t<h2 class=\"elementor-heading-title elementor-size-default\">Allgemein<\/h2>\t\t<\/div>\n\t\t\t\t<\/div>\n\t\t\t\t<div class=\"elementor-element elementor-element-2ee26713 elementor-widget elementor-widget-heading\" data-id=\"2ee26713\" data-element_type=\"widget\" data-widget_type=\"heading.default\">\n\t\t\t\t<div class=\"elementor-widget-container\">\n\t\t\t<h2 class=\"elementor-heading-title elementor-size-default\">Unterrichtsfach MMPS<\/h2>\t\t<\/div>\n\t\t\t\t<\/div>\n\t\t\t\t<div class=\"elementor-element elementor-element-4ba40a0f elementor-widget elementor-widget-text-editor\" data-id=\"4ba40a0f\" data-element_type=\"widget\" data-widget_type=\"text-editor.default\">\n\t\t\t\t<div class=\"elementor-widget-container\">\n\t\t\t\t\t\t\t<p>In der HAK wird neben der kaufm\u00e4nnischen Ausbildung auch gro\u00dfer Wert auf digitale Kompetenzen gelegt. Im Fach MMPS (Multimedia und Pr\u00e4sentationstechnik) lernen wir die verschiedenen Aspekte des e-Business kennen. Dazu geh\u00f6ren Themen wie Online-Marketing, Webdesign, Social Media und die Entwicklung digitaler Gesch\u00e4ftsmodelle. Wir erarbeiten praxisnah Projekte, wie das Erstellen von Webseiten oder die Gestaltung von Online-Werbekampagnen. So werden wir optimal auf die Anforderungen der digitalen Wirtschaft vorbereitet und entwickeln uns zu Fachkr\u00e4ften im Bereich e-Business und digitaler Kommunikation.<\/p>\t\t\t\t\t\t<\/div>\n\t\t\t\t<\/div>\n\t\t\t\t\t<\/div>\n\t\t<\/div>\n\t\t\t\t<div class=\"elementor-column elementor-col-50 elementor-top-column elementor-element elementor-element-b586005 elementor-hidden-tablet elementor-hidden-mobile\" data-id=\"b586005\" data-element_type=\"column\">\n\t\t\t<div class=\"elementor-widget-wrap elementor-element-populated\">\n\t\t\t\t\t\t<div class=\"elementor-element elementor-element-2f7997db elementor-widget elementor-widget-image\" data-id=\"2f7997db\" data-element_type=\"widget\" data-widget_type=\"image.default\">\n\t\t\t\t<div class=\"elementor-widget-container\">\n\t\t\t\t\t\t\t\t\t\t\t\t\t<img fetchpriority=\"high\" decoding=\"async\" width=\"960\" height=\"540\" src=\"https:\/\/22schneebergerf.bplaced.net\/wp-content\/uploads\/2024\/11\/HAK_HAS_Gesamt-1024x576-1.jpg\" class=\"attachment-large size-large wp-image-2568\" alt=\"\" srcset=\"https:\/\/22schneebergerf.bplaced.net\/wp-content\/uploads\/2024\/11\/HAK_HAS_Gesamt-1024x576-1.jpg 1024w, https:\/\/22schneebergerf.bplaced.net\/wp-content\/uploads\/2024\/11\/HAK_HAS_Gesamt-1024x576-1-300x169.jpg 300w, https:\/\/22schneebergerf.bplaced.net\/wp-content\/uploads\/2024\/11\/HAK_HAS_Gesamt-1024x576-1-768x432.jpg 768w, https:\/\/22schneebergerf.bplaced.net\/wp-content\/uploads\/2024\/11\/HAK_HAS_Gesamt-1024x576-1-600x338.jpg 600w\" sizes=\"(max-width: 960px) 100vw, 960px\" \/>\t\t\t\t\t\t\t\t\t\t\t\t\t<\/div>\n\t\t\t\t<\/div>\n\t\t\t\t\t<\/div>\n\t\t<\/div>\n\t\t\t\t\t<\/div>\n\t\t<\/section>\n\t\t\t\t<section class=\"elementor-section elementor-top-section elementor-element elementor-element-3a63a1f9 elementor-section-height-min-height elementor-section-boxed elementor-section-height-default elementor-section-items-middle wpr-particle-no wpr-jarallax-no wpr-parallax-no wpr-sticky-section-no\" data-id=\"3a63a1f9\" data-element_type=\"section\" data-settings=\"{&quot;background_background&quot;:&quot;gradient&quot;,&quot;shape_divider_bottom&quot;:&quot;triangle&quot;,&quot;shape_divider_bottom_negative&quot;:&quot;yes&quot;}\">\n\t\t\t\t\t\t\t<div class=\"elementor-background-overlay\"><\/div>\n\t\t\t\t\t\t<div class=\"elementor-shape elementor-shape-bottom\" data-negative=\"true\">\n\t\t\t<svg xmlns=\"http:\/\/www.w3.org\/2000\/svg\" viewBox=\"0 0 1000 100\" preserveAspectRatio=\"none\">\n\t<path class=\"elementor-shape-fill\" d=\"M500.2,94.7L0,0v100h1000V0L500.2,94.7z\"\/>\n<\/svg>\t\t<\/div>\n\t\t\t\t\t<div class=\"elementor-container elementor-column-gap-default\">\n\t\t\t\t\t<div class=\"elementor-column elementor-col-100 elementor-top-column elementor-element elementor-element-7731e385\" data-id=\"7731e385\" data-element_type=\"column\">\n\t\t\t<div class=\"elementor-widget-wrap elementor-element-populated\">\n\t\t\t\t\t\t<div class=\"elementor-element elementor-element-6ed5fdb5 elementor-widget elementor-widget-heading\" data-id=\"6ed5fdb5\" data-element_type=\"widget\" data-widget_type=\"heading.default\">\n\t\t\t\t<div class=\"elementor-widget-container\">\n\t\t\t<h2 class=\"elementor-heading-title elementor-size-default\">Inhalte MMPS<\/h2>\t\t<\/div>\n\t\t\t\t<\/div>\n\t\t\t\t<div class=\"elementor-element elementor-element-64698b85 elementor-widget elementor-widget-text-editor\" data-id=\"64698b85\" data-element_type=\"widget\" data-widget_type=\"text-editor.default\">\n\t\t\t\t<div class=\"elementor-widget-container\">\n\t\t\t\t\t\t\t<p>MMP (Fotografie, Multimedia und Publishing) umfasst eine Vielzahl von Inhalten, die sich auf die Bereiche Fotografie, <br \/>digitale Medienproduktion, Gestaltung von Multimediainhalten und Publikationsprozesse konzentrieren.<\/p>\t\t\t\t\t\t<\/div>\n\t\t\t\t<\/div>\n\t\t\t\t<section class=\"elementor-section elementor-inner-section elementor-element elementor-element-3158b081 elementor-section-boxed elementor-section-height-default elementor-section-height-default wpr-particle-no wpr-jarallax-no wpr-parallax-no wpr-sticky-section-no\" data-id=\"3158b081\" data-element_type=\"section\">\n\t\t\t\t\t\t<div class=\"elementor-container elementor-column-gap-default\">\n\t\t\t\t\t<div class=\"elementor-column elementor-col-20 elementor-inner-column elementor-element elementor-element-2b5cdca5 elementor-invisible\" data-id=\"2b5cdca5\" data-element_type=\"column\" data-settings=\"{&quot;animation&quot;:&quot;slideInUp&quot;}\">\n\t\t\t<div class=\"elementor-widget-wrap elementor-element-populated\">\n\t\t\t\t\t\t<div class=\"elementor-element elementor-element-381529f2 wpr-promo-box-style-cover elementor-widget elementor-widget-wpr-promo-box\" data-id=\"381529f2\" data-element_type=\"widget\" data-widget_type=\"wpr-promo-box.default\">\n\t\t\t\t<div class=\"elementor-widget-container\">\n\t\t\t\n\t\t<div class=\"wpr-promo-box wpr-animation-wrap\">\n\n\t\t\t\t\t\t\t\n\t\t\t\t\t\t\n\t\t\t<div class=\"wpr-promo-box-content\">\n\n\t\t\t\t\t\t\t\t<div class=\"wpr-promo-box-icon\">\n\t\t\t\t\t\t\t\t\t\t\t<img decoding=\"async\" src=\"https:\/\/22schneebergerf.bplaced.net\/wp-content\/uploads\/2024\/12\/istockphoto-1440837734-612x612-removebg-preview.png\" >\n\t\t\t\t\t\t\t\t\t<\/div>\n\t\t\t\t\n\t\t\t\t<h3 class=\"wpr-promo-box-title\"><span>Fotografie<\/span><\/h3>\n\t\t\t\t\n\t\t\t\t\t\t\t\t\t<div class=\"wpr-promo-box-btn-wrap\">\n\t\t\t\t\t\t<a class=\"wpr-promo-box-btn\" href=\"https:\/\/22schneebergerf.bplaced.net\/?page_id=59\">\n\n\t\t\t\t\t\t\t\n\t\t\t\t\t\t\t\t\t\t\t\t\t<\/a>\n\t\t\t\t\t<\/div>\t\n\t\t\t\t\t\t\t<\/div>\n\n\t\t\t\t\t<\/div>\n\n\t\t\t\t<\/div>\n\t\t\t\t<\/div>\n\t\t\t\t\t<\/div>\n\t\t<\/div>\n\t\t\t\t<div class=\"elementor-column elementor-col-20 elementor-inner-column elementor-element elementor-element-1e5d0b48 elementor-invisible\" data-id=\"1e5d0b48\" data-element_type=\"column\" data-settings=\"{&quot;animation&quot;:&quot;slideInUp&quot;,&quot;animation_delay&quot;:100}\">\n\t\t\t<div class=\"elementor-widget-wrap elementor-element-populated\">\n\t\t\t\t\t\t<div class=\"elementor-element elementor-element-471e9560 wpr-promo-box-style-cover elementor-widget elementor-widget-wpr-promo-box\" data-id=\"471e9560\" data-element_type=\"widget\" data-widget_type=\"wpr-promo-box.default\">\n\t\t\t\t<div class=\"elementor-widget-container\">\n\t\t\t\n\t\t<div class=\"wpr-promo-box wpr-animation-wrap\">\n\n\t\t\t\t\t\t\t\n\t\t\t\t\t\t\n\t\t\t<div class=\"wpr-promo-box-content\">\n\n\t\t\t\t\t\t\t\t<div class=\"wpr-promo-box-icon\">\n\t\t\t\t\t\t\t\t\t\t\t<img decoding=\"async\" src=\"https:\/\/22schneebergerf.bplaced.net\/wp-content\/uploads\/2024\/12\/151896.png\" >\n\t\t\t\t\t\t\t\t\t<\/div>\n\t\t\t\t\n\t\t\t\t<h3 class=\"wpr-promo-box-title\"><span>Designprinzipien<\/span><\/h3>\n\t\t\t\t\n\t\t\t\t\t\t\t\t\t<div class=\"wpr-promo-box-btn-wrap\">\n\t\t\t\t\t\t<a class=\"wpr-promo-box-btn\" href=\"#\">\n\n\t\t\t\t\t\t\t\n\t\t\t\t\t\t\t\t\t\t\t\t\t<\/a>\n\t\t\t\t\t<\/div>\t\n\t\t\t\t\t\t\t<\/div>\n\n\t\t\t\t\t<\/div>\n\n\t\t\t\t<\/div>\n\t\t\t\t<\/div>\n\t\t\t\t\t<\/div>\n\t\t<\/div>\n\t\t\t\t<div class=\"elementor-column elementor-col-20 elementor-inner-column elementor-element elementor-element-4a7cfa98 elementor-invisible\" data-id=\"4a7cfa98\" data-element_type=\"column\" data-settings=\"{&quot;animation&quot;:&quot;slideInUp&quot;,&quot;animation_delay&quot;:200}\">\n\t\t\t<div class=\"elementor-widget-wrap elementor-element-populated\">\n\t\t\t\t\t\t<div class=\"elementor-element elementor-element-3a7fd324 wpr-promo-box-style-cover elementor-widget elementor-widget-wpr-promo-box\" data-id=\"3a7fd324\" data-element_type=\"widget\" data-widget_type=\"wpr-promo-box.default\">\n\t\t\t\t<div class=\"elementor-widget-container\">\n\t\t\t\n\t\t<div class=\"wpr-promo-box wpr-animation-wrap\">\n\n\t\t\t\t\t\t\t\n\t\t\t\t\t\t\n\t\t\t<div class=\"wpr-promo-box-content\">\n\n\t\t\t\t\t\t\t\t<div class=\"wpr-promo-box-icon\">\n\t\t\t\t\t\t\t\t\t\t\t<img decoding=\"async\" src=\"https:\/\/22schneebergerf.bplaced.net\/wp-content\/uploads\/2024\/12\/442172-videokamera-symbol-kostenlos-vektor-removebg-preview.png\" >\n\t\t\t\t\t\t\t\t\t<\/div>\n\t\t\t\t\n\t\t\t\t<h3 class=\"wpr-promo-box-title\"><span>Videobearbeitung<\/span><\/h3>\n\t\t\t\t\n\t\t\t\t\t\t\t\t\t<div class=\"wpr-promo-box-btn-wrap\">\n\t\t\t\t\t\t<a class=\"wpr-promo-box-btn\" href=\"https:\/\/22schneebergerf.bplaced.net\/?page_id=63\">\n\n\t\t\t\t\t\t\t\n\t\t\t\t\t\t\t\t\t\t\t\t\t<\/a>\n\t\t\t\t\t<\/div>\t\n\t\t\t\t\t\t\t<\/div>\n\n\t\t\t\t\t<\/div>\n\n\t\t\t\t<\/div>\n\t\t\t\t<\/div>\n\t\t\t\t\t<\/div>\n\t\t<\/div>\n\t\t\t\t<div class=\"elementor-column elementor-col-20 elementor-inner-column elementor-element elementor-element-207a276a elementor-invisible\" data-id=\"207a276a\" data-element_type=\"column\" data-settings=\"{&quot;animation&quot;:&quot;slideInUp&quot;,&quot;animation_delay&quot;:300}\">\n\t\t\t<div class=\"elementor-widget-wrap elementor-element-populated\">\n\t\t\t\t\t\t<div class=\"elementor-element elementor-element-1906271b wpr-promo-box-style-cover elementor-widget elementor-widget-wpr-promo-box\" data-id=\"1906271b\" data-element_type=\"widget\" data-widget_type=\"wpr-promo-box.default\">\n\t\t\t\t<div class=\"elementor-widget-container\">\n\t\t\t\n\t\t<div class=\"wpr-promo-box wpr-animation-wrap\">\n\n\t\t\t\t\t\t\t\n\t\t\t\t\t\t\n\t\t\t<div class=\"wpr-promo-box-content\">\n\n\t\t\t\t\t\t\t\t<div class=\"wpr-promo-box-icon\">\n\t\t\t\t\t\t\t\t\t\t\t<img decoding=\"async\" src=\"https:\/\/22schneebergerf.bplaced.net\/wp-content\/uploads\/2024\/12\/82638.png\" >\n\t\t\t\t\t\t\t\t\t<\/div>\n\t\t\t\t\n\t\t\t\t<h3 class=\"wpr-promo-box-title\"><span>Bildbearbeitung<\/span><\/h3>\n\t\t\t\t\n\t\t\t\t\t\t\t\t\t<div class=\"wpr-promo-box-btn-wrap\">\n\t\t\t\t\t\t<a class=\"wpr-promo-box-btn\" href=\"https:\/\/22schneebergerf.bplaced.net\/?page_id=55\">\n\n\t\t\t\t\t\t\t\n\t\t\t\t\t\t\t\t\t\t\t\t\t<\/a>\n\t\t\t\t\t<\/div>\t\n\t\t\t\t\t\t\t<\/div>\n\n\t\t\t\t\t<\/div>\n\n\t\t\t\t<\/div>\n\t\t\t\t<\/div>\n\t\t\t\t\t<\/div>\n\t\t<\/div>\n\t\t\t\t<div class=\"elementor-column elementor-col-20 elementor-inner-column elementor-element elementor-element-5d3e7cc1 elementor-invisible\" data-id=\"5d3e7cc1\" data-element_type=\"column\" data-settings=\"{&quot;animation&quot;:&quot;slideInUp&quot;,&quot;animation_delay&quot;:400}\">\n\t\t\t<div class=\"elementor-widget-wrap elementor-element-populated\">\n\t\t\t\t\t\t<div class=\"elementor-element elementor-element-194d3bb wpr-promo-box-style-cover elementor-widget elementor-widget-wpr-promo-box\" data-id=\"194d3bb\" data-element_type=\"widget\" data-widget_type=\"wpr-promo-box.default\">\n\t\t\t\t<div class=\"elementor-widget-container\">\n\t\t\t\n\t\t<div class=\"wpr-promo-box wpr-animation-wrap\">\n\n\t\t\t\t\t\t\t\n\t\t\t\t\t\t\n\t\t\t<div class=\"wpr-promo-box-content\">\n\n\t\t\t\t\t\t\t\t<div class=\"wpr-promo-box-icon\">\n\t\t\t\t\t\t\t\t\t\t\t<img decoding=\"async\" src=\"https:\/\/22schneebergerf.bplaced.net\/wp-content\/uploads\/2024\/12\/istockphoto-1222797590-612x612-removebg-preview.png\" >\n\t\t\t\t\t\t\t\t\t<\/div>\n\t\t\t\t\n\t\t\t\t<h3 class=\"wpr-promo-box-title\"><span>Druckpublikation<\/span><\/h3>\n\t\t\t\t\n\t\t\t\t\t\t\t\t\t<div class=\"wpr-promo-box-btn-wrap\">\n\t\t\t\t\t\t<a class=\"wpr-promo-box-btn\" href=\"#\">\n\n\t\t\t\t\t\t\t\n\t\t\t\t\t\t\t\t\t\t\t\t\t<\/a>\n\t\t\t\t\t<\/div>\t\n\t\t\t\t\t\t\t<\/div>\n\n\t\t\t\t\t<\/div>\n\n\t\t\t\t<\/div>\n\t\t\t\t<\/div>\n\t\t\t\t\t<\/div>\n\t\t<\/div>\n\t\t\t\t\t<\/div>\n\t\t<\/section>\n\t\t\t\t\t<\/div>\n\t\t<\/div>\n\t\t\t\t\t<\/div>\n\t\t<\/section>\n\t\t\t\t<section class=\"elementor-section elementor-top-section elementor-element elementor-element-2c56d88c elementor-section-boxed elementor-section-height-default elementor-section-height-default wpr-particle-no wpr-jarallax-no wpr-parallax-no wpr-sticky-section-no\" data-id=\"2c56d88c\" data-element_type=\"section\">\n\t\t\t\t\t\t<div class=\"elementor-container elementor-column-gap-default\">\n\t\t\t\t\t<div class=\"elementor-column elementor-col-100 elementor-top-column elementor-element elementor-element-4d91e38e\" data-id=\"4d91e38e\" data-element_type=\"column\">\n\t\t\t<div class=\"elementor-widget-wrap elementor-element-populated\">\n\t\t\t\t\t\t<section class=\"elementor-section elementor-inner-section elementor-element elementor-element-5c69434b elementor-section-boxed elementor-section-height-default elementor-section-height-default wpr-particle-no wpr-jarallax-no wpr-parallax-no wpr-sticky-section-no\" data-id=\"5c69434b\" data-element_type=\"section\">\n\t\t\t\t\t\t<div class=\"elementor-container elementor-column-gap-default\">\n\t\t\t\t\t<div class=\"elementor-column elementor-col-33 elementor-inner-column elementor-element elementor-element-3ef50378\" data-id=\"3ef50378\" data-element_type=\"column\">\n\t\t\t<div class=\"elementor-widget-wrap elementor-element-populated\">\n\t\t\t\t\t\t<div class=\"elementor-element elementor-element-6349390f elementor-widget elementor-widget-image\" data-id=\"6349390f\" data-element_type=\"widget\" data-widget_type=\"image.default\">\n\t\t\t\t<div class=\"elementor-widget-container\">\n\t\t\t\t\t\t\t\t\t\t\t\t\t\t<a href=\"https:\/\/22schneebergerf.bplaced.net\/?page_id=55\">\n\t\t\t\t\t\t\t<img decoding=\"async\" width=\"960\" height=\"640\" src=\"https:\/\/22schneebergerf.bplaced.net\/wp-content\/uploads\/2025\/02\/DSC07796_WebS-scaled-1-1024x683.jpg\" class=\"attachment-large size-large wp-image-3023\" alt=\"\" srcset=\"https:\/\/22schneebergerf.bplaced.net\/wp-content\/uploads\/2025\/02\/DSC07796_WebS-scaled-1-1024x683.jpg 1024w, https:\/\/22schneebergerf.bplaced.net\/wp-content\/uploads\/2025\/02\/DSC07796_WebS-scaled-1-300x200.jpg 300w, https:\/\/22schneebergerf.bplaced.net\/wp-content\/uploads\/2025\/02\/DSC07796_WebS-scaled-1-768x512.jpg 768w, https:\/\/22schneebergerf.bplaced.net\/wp-content\/uploads\/2025\/02\/DSC07796_WebS-scaled-1-1536x1024.jpg 1536w, https:\/\/22schneebergerf.bplaced.net\/wp-content\/uploads\/2025\/02\/DSC07796_WebS-scaled-1-2048x1366.jpg 2048w, https:\/\/22schneebergerf.bplaced.net\/wp-content\/uploads\/2025\/02\/DSC07796_WebS-scaled-1-600x400.jpg 600w\" sizes=\"(max-width: 960px) 100vw, 960px\" \/>\t\t\t\t\t\t\t\t<\/a>\n\t\t\t\t\t\t\t\t\t\t\t\t\t<\/div>\n\t\t\t\t<\/div>\n\t\t\t\t<div class=\"elementor-element elementor-element-7d1982f7 elementor-widget elementor-widget-heading\" data-id=\"7d1982f7\" data-element_type=\"widget\" data-widget_type=\"heading.default\">\n\t\t\t\t<div class=\"elementor-widget-container\">\n\t\t\t<h2 class=\"elementor-heading-title elementor-size-default\"><a href=\"https:\/\/22schneebergerf.bplaced.net\/?page_id=55\">Bildbearbeitung<\/a><\/h2>\t\t<\/div>\n\t\t\t\t<\/div>\n\t\t\t\t<div class=\"elementor-element elementor-element-4f7f288b elementor-widget elementor-widget-text-editor\" data-id=\"4f7f288b\" data-element_type=\"widget\" data-widget_type=\"text-editor.default\">\n\t\t\t\t<div class=\"elementor-widget-container\">\n\t\t\t\t\t\t\t<p>Bildbearbeitung ist die digitale Nachbearbeitung von Fotos zur Optimierung oder kreativen Ver\u00e4nderung, z. B. durch Anpassung von Farben, Retusche oder Effekte.<\/p>\t\t\t\t\t\t<\/div>\n\t\t\t\t<\/div>\n\t\t\t\t\t<\/div>\n\t\t<\/div>\n\t\t\t\t<div class=\"elementor-column elementor-col-33 elementor-inner-column elementor-element elementor-element-2e5d1ce9\" data-id=\"2e5d1ce9\" data-element_type=\"column\">\n\t\t\t<div class=\"elementor-widget-wrap elementor-element-populated\">\n\t\t\t\t\t\t<div class=\"elementor-element elementor-element-1a7341f elementor-widget elementor-widget-image\" data-id=\"1a7341f\" data-element_type=\"widget\" data-widget_type=\"image.default\">\n\t\t\t\t<div class=\"elementor-widget-container\">\n\t\t\t\t\t\t\t\t\t\t\t\t\t\t<a href=\"https:\/\/22schneebergerf.bplaced.net\/?page_id=59\">\n\t\t\t\t\t\t\t<img decoding=\"async\" width=\"960\" height=\"640\" src=\"https:\/\/22schneebergerf.bplaced.net\/wp-content\/uploads\/2025\/02\/Fotografie-Fremdsprachen-Begriffe-lernen-1024x683.jpg\" class=\"attachment-large size-large wp-image-3033\" alt=\"\" srcset=\"https:\/\/22schneebergerf.bplaced.net\/wp-content\/uploads\/2025\/02\/Fotografie-Fremdsprachen-Begriffe-lernen-1024x683.jpg 1024w, https:\/\/22schneebergerf.bplaced.net\/wp-content\/uploads\/2025\/02\/Fotografie-Fremdsprachen-Begriffe-lernen-300x200.jpg 300w, https:\/\/22schneebergerf.bplaced.net\/wp-content\/uploads\/2025\/02\/Fotografie-Fremdsprachen-Begriffe-lernen-768x512.jpg 768w, https:\/\/22schneebergerf.bplaced.net\/wp-content\/uploads\/2025\/02\/Fotografie-Fremdsprachen-Begriffe-lernen-1536x1024.jpg 1536w, https:\/\/22schneebergerf.bplaced.net\/wp-content\/uploads\/2025\/02\/Fotografie-Fremdsprachen-Begriffe-lernen-600x400.jpg 600w, https:\/\/22schneebergerf.bplaced.net\/wp-content\/uploads\/2025\/02\/Fotografie-Fremdsprachen-Begriffe-lernen.jpg 1920w\" sizes=\"(max-width: 960px) 100vw, 960px\" \/>\t\t\t\t\t\t\t\t<\/a>\n\t\t\t\t\t\t\t\t\t\t\t\t\t<\/div>\n\t\t\t\t<\/div>\n\t\t\t\t<div class=\"elementor-element elementor-element-4fcce152 elementor-widget elementor-widget-heading\" data-id=\"4fcce152\" data-element_type=\"widget\" data-widget_type=\"heading.default\">\n\t\t\t\t<div class=\"elementor-widget-container\">\n\t\t\t<h2 class=\"elementor-heading-title elementor-size-default\"><a href=\"https:\/\/22schneebergerf.bplaced.net\/?page_id=59\">Fotografie<\/a><\/h2>\t\t<\/div>\n\t\t\t\t<\/div>\n\t\t\t\t<div class=\"elementor-element elementor-element-13018f17 elementor-widget elementor-widget-text-editor\" data-id=\"13018f17\" data-element_type=\"widget\" data-widget_type=\"text-editor.default\">\n\t\t\t\t<div class=\"elementor-widget-container\">\n\t\t\t\t\t\t\t<p>Fotografie ist die Kunst, mit Licht Bilder zu schaffen, ob k\u00fcnstlerisch, dokumentarisch oder kommerziell \u2013 kreativ durch Perspektive, Komposition und Technik.<\/p>\t\t\t\t\t\t<\/div>\n\t\t\t\t<\/div>\n\t\t\t\t\t<\/div>\n\t\t<\/div>\n\t\t\t\t<div class=\"elementor-column elementor-col-33 elementor-inner-column elementor-element elementor-element-6fbf8ab4\" data-id=\"6fbf8ab4\" data-element_type=\"column\">\n\t\t\t<div class=\"elementor-widget-wrap elementor-element-populated\">\n\t\t\t\t\t\t<div class=\"elementor-element elementor-element-423795b1 elementor-widget elementor-widget-image\" data-id=\"423795b1\" data-element_type=\"widget\" data-widget_type=\"image.default\">\n\t\t\t\t<div class=\"elementor-widget-container\">\n\t\t\t\t\t\t\t\t\t\t\t\t\t\t<a href=\"https:\/\/22schneebergerf.bplaced.net\/?page_id=63\">\n\t\t\t\t\t\t\t<img loading=\"lazy\" decoding=\"async\" width=\"640\" height=\"426\" src=\"https:\/\/22schneebergerf.bplaced.net\/wp-content\/uploads\/2025\/02\/videobearbeitung-pc-computer.jpeg\" class=\"attachment-large size-large wp-image-3027\" alt=\"\" srcset=\"https:\/\/22schneebergerf.bplaced.net\/wp-content\/uploads\/2025\/02\/videobearbeitung-pc-computer.jpeg 640w, https:\/\/22schneebergerf.bplaced.net\/wp-content\/uploads\/2025\/02\/videobearbeitung-pc-computer-300x200.jpeg 300w, https:\/\/22schneebergerf.bplaced.net\/wp-content\/uploads\/2025\/02\/videobearbeitung-pc-computer-600x399.jpeg 600w\" sizes=\"(max-width: 640px) 100vw, 640px\" \/>\t\t\t\t\t\t\t\t<\/a>\n\t\t\t\t\t\t\t\t\t\t\t\t\t<\/div>\n\t\t\t\t<\/div>\n\t\t\t\t<div class=\"elementor-element elementor-element-6e914aa4 elementor-widget elementor-widget-heading\" data-id=\"6e914aa4\" data-element_type=\"widget\" data-widget_type=\"heading.default\">\n\t\t\t\t<div class=\"elementor-widget-container\">\n\t\t\t<h2 class=\"elementor-heading-title elementor-size-default\"><a href=\"https:\/\/22schneebergerf.bplaced.net\/?page_id=63\">Videobearbeitung<\/a><\/h2>\t\t<\/div>\n\t\t\t\t<\/div>\n\t\t\t\t<div class=\"elementor-element elementor-element-7470dff elementor-widget elementor-widget-text-editor\" data-id=\"7470dff\" data-element_type=\"widget\" data-widget_type=\"text-editor.default\">\n\t\t\t\t<div class=\"elementor-widget-container\">\n\t\t\t\t\t\t\t<p>Videobearbeitung: Clips schneiden, Effekte und \u00dcberg\u00e4nge hinzuf\u00fcgen, Farben anpassen und Sound integrieren.<\/p>\t\t\t\t\t\t<\/div>\n\t\t\t\t<\/div>\n\t\t\t\t\t<\/div>\n\t\t<\/div>\n\t\t\t\t\t<\/div>\n\t\t<\/section>\n\t\t\t\t\t<\/div>\n\t\t<\/div>\n\t\t\t\t\t<\/div>\n\t\t<\/section>\n\t\t\t\t<\/div>\n\t\t","protected":false},"excerpt":{"rendered":"<p>Allgemein Unterrichtsfach MMPS In der HAK wird neben der kaufm\u00e4nnischen Ausbildung auch gro\u00dfer Wert auf digitale Kompetenzen gelegt. Im Fach MMPS (Multimedia und Pr\u00e4sentationstechnik) lernen wir die verschiedenen Aspekte des e-Business kennen. Dazu geh\u00f6ren Themen wie Online-Marketing, Webdesign, Social Media und die Entwicklung digitaler Gesch\u00e4ftsmodelle. Wir erarbeiten praxisnah Projekte, wie das Erstellen von Webseiten oder die Gestaltung von Online-Werbekampagnen. So werden wir optimal auf die Anforderungen der digitalen Wirtschaft vorbereitet und entwickeln uns zu Fachkr\u00e4ften im Bereich e-Business und digitaler Kommunikation. Inhalte MMPS MMP (Fotografie, Multimedia und Publishing) umfasst eine Vielzahl von Inhalten, die sich auf die Bereiche Fotografie, digitale Medienproduktion, Gestaltung von Multimediainhalten und Publikationsprozesse konzentrieren. Fotografie Designprinzipien Videobearbeitung Bildbearbeitung Druckpublikation Bildbearbeitung Bildbearbeitung ist die digitale Nachbearbeitung von Fotos zur Optimierung oder kreativen Ver\u00e4nderung, z. B. durch Anpassung von Farben, Retusche oder Effekte. Fotografie Fotografie ist die Kunst, mit Licht Bilder zu schaffen, ob k\u00fcnstlerisch, dokumentarisch oder kommerziell \u2013 kreativ durch Perspektive, Komposition und Technik. Videobearbeitung Videobearbeitung: Clips schneiden, Effekte und \u00dcberg\u00e4nge hinzuf\u00fcgen, Farben anpassen und Sound integrieren.<\/p>\n","protected":false},"author":1,"featured_media":0,"parent":0,"menu_order":0,"comment_status":"closed","ping_status":"closed","template":"","meta":{"_seopress_robots_primary_cat":"","footnotes":""},"class_list":["post-31","page","type-page","status-publish","hentry"],"_links":{"self":[{"href":"https:\/\/22schneebergerf.bplaced.net\/index.php?rest_route=\/wp\/v2\/pages\/31","targetHints":{"allow":["GET"]}}],"collection":[{"href":"https:\/\/22schneebergerf.bplaced.net\/index.php?rest_route=\/wp\/v2\/pages"}],"about":[{"href":"https:\/\/22schneebergerf.bplaced.net\/index.php?rest_route=\/wp\/v2\/types\/page"}],"author":[{"embeddable":true,"href":"https:\/\/22schneebergerf.bplaced.net\/index.php?rest_route=\/wp\/v2\/users\/1"}],"replies":[{"embeddable":true,"href":"https:\/\/22schneebergerf.bplaced.net\/index.php?rest_route=%2Fwp%2Fv2%2Fcomments&post=31"}],"version-history":[{"count":94,"href":"https:\/\/22schneebergerf.bplaced.net\/index.php?rest_route=\/wp\/v2\/pages\/31\/revisions"}],"predecessor-version":[{"id":4013,"href":"https:\/\/22schneebergerf.bplaced.net\/index.php?rest_route=\/wp\/v2\/pages\/31\/revisions\/4013"}],"wp:attachment":[{"href":"https:\/\/22schneebergerf.bplaced.net\/index.php?rest_route=%2Fwp%2Fv2%2Fmedia&parent=31"}],"curies":[{"name":"wp","href":"https:\/\/api.w.org\/{rel}","templated":true}]}}