{"id":2127,"date":"2022-06-07T12:29:17","date_gmt":"2022-06-07T10:29:17","guid":{"rendered":"https:\/\/nicktesting.kinsta.cloud\/shopdiko1\/?post_type=product&#038;p=110"},"modified":"2024-12-05T10:45:43","modified_gmt":"2024-12-05T09:45:43","slug":"vixen-on-vacation","status":"publish","type":"product","link":"https:\/\/22schneebergerf.bplaced.net\/?product=vixen-on-vacation","title":{"rendered":"Dr. Pepper &#8211; Creamy Coconut"},"content":{"rendered":"<p>Erleben Sie den einzigartigen Geschmack des Dr Pepper Creamy Coconut Limited Edition Getr\u00e4nks, das gerade die Dr Pepper-Familie erweitert hat. Dieses k\u00f6stliche und sprudelnde Getr\u00e4nk wird Sie mit seiner erfrischenden Note begeistern! Bereits beim ersten Schluck werden Sie von dem cremigen Geschmack, der mit dem subtilen Aroma von Kokosnuss und den 23 verschiedenen Aromen von Dr Pepper kombiniert ist, \u00fcberw\u00e4ltigt.<\/p>\n","protected":false},"excerpt":{"rendered":"<p style=\"font-weight: 400;\"><strong>N\u00e4hrwerte:<\/strong><\/p>\n<ul>\n<li style=\"font-weight: 400;\">Brennwert KJ 175 KJ<\/li>\n<li style=\"font-weight: 400;\">Brennwert KCAL 42 KCAL<\/li>\n<li style=\"font-weight: 400;\">Fett 0g<\/li>\n<li style=\"font-weight: 400;\">davon ges\u00e4ttigte Fetts\u00e4uren 0g<\/li>\n<li style=\"font-weight: 400;\">Kohlenhydrate 10.9g<\/li>\n<li style=\"font-weight: 400;\">davon Zucker 10.9g<\/li>\n<li style=\"font-weight: 400;\">Eiweiss 0g<\/li>\n<li style=\"font-weight: 400;\">Salz 0.01g<\/li>\n<\/ul>\n","protected":false},"featured_media":2267,"comment_status":"open","ping_status":"closed","template":"","meta":{"_seopress_robots_primary_cat":"none"},"product_cat":[56],"product_tag":[38,45,51],"class_list":{"0":"post-2127","1":"product","2":"type-product","3":"status-publish","4":"has-post-thumbnail","6":"product_cat-getraenke","7":"product_tag-opepiece","8":"product_tag-summer","9":"product_tag-tropical","11":"first","12":"instock","13":"sale","14":"shipping-taxable","15":"purchasable","16":"product-type-simple"},"_links":{"self":[{"href":"https:\/\/22schneebergerf.bplaced.net\/index.php?rest_route=\/wp\/v2\/product\/2127","targetHints":{"allow":["GET"]}}],"collection":[{"href":"https:\/\/22schneebergerf.bplaced.net\/index.php?rest_route=\/wp\/v2\/product"}],"about":[{"href":"https:\/\/22schneebergerf.bplaced.net\/index.php?rest_route=\/wp\/v2\/types\/product"}],"replies":[{"embeddable":true,"href":"https:\/\/22schneebergerf.bplaced.net\/index.php?rest_route=%2Fwp%2Fv2%2Fcomments&post=2127"}],"wp:featuredmedia":[{"embeddable":true,"href":"https:\/\/22schneebergerf.bplaced.net\/index.php?rest_route=\/wp\/v2\/media\/2267"}],"wp:attachment":[{"href":"https:\/\/22schneebergerf.bplaced.net\/index.php?rest_route=%2Fwp%2Fv2%2Fmedia&parent=2127"}],"wp:term":[{"taxonomy":"product_cat","embeddable":true,"href":"https:\/\/22schneebergerf.bplaced.net\/index.php?rest_route=%2Fwp%2Fv2%2Fproduct_cat&post=2127"},{"taxonomy":"product_tag","embeddable":true,"href":"https:\/\/22schneebergerf.bplaced.net\/index.php?rest_route=%2Fwp%2Fv2%2Fproduct_tag&post=2127"}],"curies":[{"name":"wp","href":"https:\/\/api.w.org\/{rel}","templated":true}]}}