{"id":404,"date":"2022-06-09T09:43:58","date_gmt":"2022-06-09T07:43:58","guid":{"rendered":"https:\/\/nicktesting.kinsta.cloud\/shopdiko1\/?post_type=product&#038;p=404"},"modified":"2024-12-05T10:44:45","modified_gmt":"2024-12-05T09:44:45","slug":"better-with-me-mini-dress","status":"publish","type":"product","link":"https:\/\/22schneebergerf.bplaced.net\/?product=better-with-me-mini-dress","title":{"rendered":"Kinder Creamy Milk &#038; Crunchy"},"content":{"rendered":"<p>Bekannt und doch ganz anders erinnert Kinder Creamy Egg Milk &amp; Crunchy an andere Kinder Produkte.<br \/>\nGanz Besonders bei der L\u00f6ffelei in diesem L\u00f6ffel-Ei: Die knusprige &#8218;Crunchy&#8216; Schicht mit Puffreis auf der cremigen &#8218;Creamy&#8216; Schicht f\u00fcr einen leckeren Snack f\u00fcr Kinder und Fans der Marke Kinder!<br \/>\nAm besten \u00fcberzeugst Du dich selbst und probierst es aus!<\/p>\n","protected":false},"excerpt":{"rendered":"<p><strong>N\u00e4hrwerte:<\/strong><\/p>\n<ul>\n<li>Energie: 2246 kJ \/ 537 kcal<\/li>\n<li>Fett: 31,3 g<\/li>\n<li>davon ges. Fetts\u00e4uren: 14,2 g<\/li>\n<li>Kohlenhydrate: 55,4 g<\/li>\n<li>davon Zucker: 48,8 g<\/li>\n<li>Eiwei\u00df: 8,4 g<\/li>\n<li>Salz: 0,6 g<\/li>\n<\/ul>\n","protected":false},"featured_media":2229,"comment_status":"open","ping_status":"closed","template":"","meta":{"_seopress_robots_primary_cat":"none"},"product_cat":[58,57],"product_tag":[31,34],"class_list":{"0":"post-404","1":"product","2":"type-product","3":"status-publish","4":"has-post-thumbnail","6":"product_cat-schokolade","7":"product_cat-snacks","8":"product_tag-exotic","9":"product_tag-luxury","11":"first","12":"instock","13":"sale","14":"shipping-taxable","15":"purchasable","16":"product-type-simple"},"_links":{"self":[{"href":"https:\/\/22schneebergerf.bplaced.net\/index.php?rest_route=\/wp\/v2\/product\/404","targetHints":{"allow":["GET"]}}],"collection":[{"href":"https:\/\/22schneebergerf.bplaced.net\/index.php?rest_route=\/wp\/v2\/product"}],"about":[{"href":"https:\/\/22schneebergerf.bplaced.net\/index.php?rest_route=\/wp\/v2\/types\/product"}],"replies":[{"embeddable":true,"href":"https:\/\/22schneebergerf.bplaced.net\/index.php?rest_route=%2Fwp%2Fv2%2Fcomments&post=404"}],"wp:featuredmedia":[{"embeddable":true,"href":"https:\/\/22schneebergerf.bplaced.net\/index.php?rest_route=\/wp\/v2\/media\/2229"}],"wp:attachment":[{"href":"https:\/\/22schneebergerf.bplaced.net\/index.php?rest_route=%2Fwp%2Fv2%2Fmedia&parent=404"}],"wp:term":[{"taxonomy":"product_cat","embeddable":true,"href":"https:\/\/22schneebergerf.bplaced.net\/index.php?rest_route=%2Fwp%2Fv2%2Fproduct_cat&post=404"},{"taxonomy":"product_tag","embeddable":true,"href":"https:\/\/22schneebergerf.bplaced.net\/index.php?rest_route=%2Fwp%2Fv2%2Fproduct_tag&post=404"}],"curies":[{"name":"wp","href":"https:\/\/api.w.org\/{rel}","templated":true}]}}