{"id":53,"date":"2022-06-07T10:46:48","date_gmt":"2022-06-07T08:46:48","guid":{"rendered":"https:\/\/nicktesting.kinsta.cloud\/shopdiko1\/?post_type=product&#038;p=53"},"modified":"2024-12-05T10:46:47","modified_gmt":"2024-12-05T09:46:47","slug":"evolve-antares-activewear","status":"publish","type":"product","link":"https:\/\/22schneebergerf.bplaced.net\/?product=evolve-antares-activewear","title":{"rendered":"Takis Blue Heat 92,3g"},"content":{"rendered":"<p>Takis Blue Heats bieten eine aufregende Kombination aus w\u00fcrzigem und s\u00fc\u00dfem Chili-Geschmack in jedem knusprigen Bissen. Bezwingen Sie den Drachen und genie\u00dfen Sie den k\u00f6stlichen, feurig-s\u00fc\u00dfen Reichtum mit jedem knisternden Crunch.<\/p>\n","protected":false},"excerpt":{"rendered":"<p><strong>N\u00e4hrwerte:<\/strong><\/p>\n<ul>\n<li>Energie: 500Kcal<\/li>\n<li>Fett: 26g<\/li>\n<li>davon ges\u00e4ttigte Fetts\u00e4uren: 4g<\/li>\n<li>Kohlenhydrate: 58g<\/li>\n<li>davon Zucker: 4g<\/li>\n<li>Eiwei\u00df: 6g<\/li>\n<li>Salz: 2,5g<\/li>\n<\/ul>\n","protected":false},"featured_media":2193,"comment_status":"open","ping_status":"closed","template":"","meta":{"_seopress_robots_primary_cat":"none"},"product_cat":[57],"product_tag":[],"class_list":{"0":"post-53","1":"product","2":"type-product","3":"status-publish","4":"has-post-thumbnail","6":"product_cat-snacks","8":"first","9":"instock","10":"sale","11":"featured","12":"shipping-taxable","13":"purchasable","14":"product-type-simple"},"_links":{"self":[{"href":"https:\/\/22schneebergerf.bplaced.net\/index.php?rest_route=\/wp\/v2\/product\/53","targetHints":{"allow":["GET"]}}],"collection":[{"href":"https:\/\/22schneebergerf.bplaced.net\/index.php?rest_route=\/wp\/v2\/product"}],"about":[{"href":"https:\/\/22schneebergerf.bplaced.net\/index.php?rest_route=\/wp\/v2\/types\/product"}],"replies":[{"embeddable":true,"href":"https:\/\/22schneebergerf.bplaced.net\/index.php?rest_route=%2Fwp%2Fv2%2Fcomments&post=53"}],"wp:featuredmedia":[{"embeddable":true,"href":"https:\/\/22schneebergerf.bplaced.net\/index.php?rest_route=\/wp\/v2\/media\/2193"}],"wp:attachment":[{"href":"https:\/\/22schneebergerf.bplaced.net\/index.php?rest_route=%2Fwp%2Fv2%2Fmedia&parent=53"}],"wp:term":[{"taxonomy":"product_cat","embeddable":true,"href":"https:\/\/22schneebergerf.bplaced.net\/index.php?rest_route=%2Fwp%2Fv2%2Fproduct_cat&post=53"},{"taxonomy":"product_tag","embeddable":true,"href":"https:\/\/22schneebergerf.bplaced.net\/index.php?rest_route=%2Fwp%2Fv2%2Fproduct_tag&post=53"}],"curies":[{"name":"wp","href":"https:\/\/api.w.org\/{rel}","templated":true}]}}